{"id":5142,"date":"2025-04-08T15:39:56","date_gmt":"2025-04-08T13:39:56","guid":{"rendered":"https:\/\/www.xarxalia.com\/?page_id=5142"},"modified":"2025-06-25T11:33:11","modified_gmt":"2025-06-25T09:33:11","slug":"politica-de-cookies","status":"publish","type":"page","link":"https:\/\/www.xarxalia.com\/ca\/politica-de-cookies\/","title":{"rendered":"Pol\u00edtica de cookies"},"content":{"rendered":"<h1>Pol\u00edtica de cookies<\/h1>\n<h2>Qu\u00e8 s\u00f3n les cookies?<\/h2>\n<p>Les cookies s\u00f3n fitxers que s&#8217;emmagatzemen al teu navegador i permeten registrar informaci\u00f3 sobre la teva visita.<\/p>\n<h2>Tipus de cookies utilitzades<\/h2>\n<ul>\n<li><strong>T\u00e8cniques:<\/strong> Necess\u00e0ries per al funcionament del lloc.<\/li>\n<li><strong>D\u2019an\u00e0lisi:<\/strong> Per recollir informaci\u00f3 sobre l&#8217;\u00fas del lloc (Google Analytics, Hotjar).<\/li>\n<li><strong>De personalitzaci\u00f3:<\/strong> Recorden les teves prefer\u00e8ncies.<\/li>\n<li><strong>Publicit\u00e0ries:<\/strong> Per mostrar anuncis personalitzats.<\/li>\n<\/ul>\n<h2>Consentiment<\/h2>\n<p>En accedir al lloc web, es mostra un banner informatiu que permet acceptar, configurar o rebutjar cookies no necess\u00e0ries.<\/p>\n<h2>Desactivaci\u00f3 de cookies<\/h2>\n<p>Pots gestionar les cookies des de la configuraci\u00f3 del teu navegador. M\u00e9s informaci\u00f3 en els seg\u00fcents enlla\u00e7os:<\/p>\n<ul>\n<li><a href=\"https:\/\/support.google.com\/chrome\/answer\/95647?hl=es\" target=\"_blank\" rel=\"noopener\">Google Chrome<\/a><\/li>\n<li><a href=\"https:\/\/support.mozilla.org\/es\/kb\" target=\"_blank\" rel=\"noopener\">Mozilla Firefox<\/a><\/li>\n<li><a href=\"https:\/\/support.microsoft.com\/es-es\/help\/4027947\" target=\"_blank\" rel=\"noopener\">Microsoft Edge<\/a><\/li>\n<li><a href=\"https:\/\/support.apple.com\/es-es\/HT201265\" target=\"_blank\" rel=\"noopener\">Safari<\/a><\/li>\n<\/ul>\n<h2>Complement per a la desactivaci\u00f3 de Google Analytics<\/h2>\n<p>Pots instal\u00b7lar el complement per evitar l\u2019\u00fas de les teves dades per Google Analytics:<\/p>\n<p><a href=\"https:\/\/tools.google.com\/dlpage\/gaoptout\" target=\"_blank\" rel=\"noopener\">[https:\/\/tools.google.com\/dlpage\/gaoptout](https:\/\/tools.google.com\/dlpage\/gaoptout)<\/a><\/p>\n","protected":false},"excerpt":{"rendered":"<p>Pol\u00edtica de cookies Qu\u00e8 s\u00f3n les cookies? Les cookies s\u00f3n fitxers que s&#8217;emmagatzemen al teu navegador i permeten registrar informaci\u00f3 sobre la teva visita. Tipus de cookies utilitzades T\u00e8cniques: Necess\u00e0ries per al funcionament del lloc. D\u2019an\u00e0lisi: Per recollir informaci\u00f3 sobre l&#8217;\u00fas del lloc (Google Analytics, Hotjar). De personalitzaci\u00f3: Recorden les teves prefer\u00e8ncies. Publicit\u00e0ries: Per mostrar<a href=\"https:\/\/www.xarxalia.com\/ca\/politica-de-cookies\/\">Continue reading <span class=\"sr-only\">&#8220;Pol\u00edtica de cookies&#8221;<\/span><\/a><\/p>\n","protected":false},"author":1,"featured_media":0,"parent":0,"menu_order":0,"comment_status":"closed","ping_status":"closed","template":"","meta":{"_acf_changed":false,"inline_featured_image":false,"footnotes":""},"class_list":["post-5142","page","type-page","status-publish","hentry"],"acf":[],"_links":{"self":[{"href":"https:\/\/www.xarxalia.com\/ca\/wp-json\/wp\/v2\/pages\/5142","targetHints":{"allow":["GET"]}}],"collection":[{"href":"https:\/\/www.xarxalia.com\/ca\/wp-json\/wp\/v2\/pages"}],"about":[{"href":"https:\/\/www.xarxalia.com\/ca\/wp-json\/wp\/v2\/types\/page"}],"author":[{"embeddable":true,"href":"https:\/\/www.xarxalia.com\/ca\/wp-json\/wp\/v2\/users\/1"}],"replies":[{"embeddable":true,"href":"https:\/\/www.xarxalia.com\/ca\/wp-json\/wp\/v2\/comments?post=5142"}],"version-history":[{"count":1,"href":"https:\/\/www.xarxalia.com\/ca\/wp-json\/wp\/v2\/pages\/5142\/revisions"}],"predecessor-version":[{"id":5143,"href":"https:\/\/www.xarxalia.com\/ca\/wp-json\/wp\/v2\/pages\/5142\/revisions\/5143"}],"wp:attachment":[{"href":"https:\/\/www.xarxalia.com\/ca\/wp-json\/wp\/v2\/media?parent=5142"}],"curies":[{"name":"wp","href":"https:\/\/api.w.org\/{rel}","templated":true}]}}